{"id":3751,"date":"2025-09-23T08:51:02","date_gmt":"2025-09-23T08:51:02","guid":{"rendered":"https:\/\/invexa.ch\/?page_id=3751"},"modified":"2026-01-14T13:44:34","modified_gmt":"2026-01-14T13:44:34","slug":"informations-clients-selon-lart-45-lsa","status":"publish","type":"page","link":"https:\/\/invexa.ch\/fr\/informations-clients-selon-lart-45-lsa\/","title":{"rendered":"Informations clients selon l\u2019art. 45 LSA"},"content":{"rendered":"\t\t<div data-elementor-type=\"wp-page\" data-elementor-id=\"3751\" class=\"elementor elementor-3751\" data-elementor-post-type=\"page\">\n\t\t\t\t<div class=\"elementor-element elementor-element-1c2a1a3 e-flex e-con-boxed e-con e-parent\" data-id=\"1c2a1a3\" data-element_type=\"container\" data-e-type=\"container\">\n\t\t\t\t\t<div class=\"e-con-inner\">\n\t\t\t\t<div class=\"elementor-element elementor-element-f45c8dd elementor-widget elementor-widget-heading\" data-id=\"f45c8dd\" data-element_type=\"widget\" data-e-type=\"widget\" data-widget_type=\"heading.default\">\n\t\t\t\t<div class=\"elementor-widget-container\">\n\t\t\t\t\t<h1 class=\"elementor-heading-title elementor-size-default\">Informations clients selon l\u2019art. 45 LSA<\/h1>\t\t\t\t<\/div>\n\t\t\t\t<\/div>\n\t\t\t\t<div class=\"elementor-element elementor-element-c19168b elementor-widget elementor-widget-text-editor\" data-id=\"c19168b\" data-element_type=\"widget\" data-e-type=\"widget\" data-widget_type=\"text-editor.default\">\n\t\t\t\t<div class=\"elementor-widget-container\">\n\t\t\t\t\t\t\t\t\tDevoir d\u2019information selon art. 45 de la loi sur la surveillance des assurances (LSA)\t\t\t\t\t\t\t\t<\/div>\n\t\t\t\t<\/div>\n\t\t\t\t<div class=\"elementor-element elementor-element-5ab2f13 elementor-icon-list--layout-traditional elementor-list-item-link-full_width elementor-widget elementor-widget-icon-list\" data-id=\"5ab2f13\" data-element_type=\"widget\" data-e-type=\"widget\" data-widget_type=\"icon-list.default\">\n\t\t\t\t<div class=\"elementor-widget-container\">\n\t\t\t\t\t\t\t<ul class=\"elementor-icon-list-items\">\n\t\t\t\t\t\t\t<li class=\"elementor-icon-list-item\">\n\t\t\t\t\t\t\t\t\t\t<span class=\"elementor-icon-list-text\"><strong>Derni\u00e8re mise \u00e0 jour:<\/strong> 14.01.2026<\/span>\n\t\t\t\t\t\t\t\t\t<\/li>\n\t\t\t\t\t\t<\/ul>\n\t\t\t\t\t\t<\/div>\n\t\t\t\t<\/div>\n\t\t\t\t<div class=\"elementor-element elementor-element-bfd056c elementor-widget elementor-widget-heading\" data-id=\"bfd056c\" data-element_type=\"widget\" data-e-type=\"widget\" data-widget_type=\"heading.default\">\n\t\t\t\t<div class=\"elementor-widget-container\">\n\t\t\t\t\t<h2 class=\"elementor-heading-title elementor-size-default\">1. Informations sur Invexa<\/h2>\t\t\t\t<\/div>\n\t\t\t\t<\/div>\n\t\t\t\t<div class=\"elementor-element elementor-element-f4c59ff elementor-widget elementor-widget-text-editor\" data-id=\"f4c59ff\" data-element_type=\"widget\" data-e-type=\"widget\" data-widget_type=\"text-editor.default\">\n\t\t\t\t<div class=\"elementor-widget-container\">\n\t\t\t\t\t\t\t\t\t<p>Invexa S\u00e0rl (ci-apr\u00e8s \u00abInvexa\u00bb), ayant son si\u00e8ge \u00e0 <span class=\"overview-item-text\">Rue de Montchoisy 36, 1207 Gen\u00e8ve<\/span>, agit en tant qu\u2019<strong>interm\u00e9diaire d\u2019assurance non li\u00e9<\/strong> pour les branches d\u2019assurance suivantes:<\/p>\t\t\t\t\t\t\t\t<\/div>\n\t\t\t\t<\/div>\n\t\t\t\t<div class=\"elementor-element elementor-element-2dd1db3 elementor-icon-list--layout-traditional elementor-list-item-link-full_width elementor-widget elementor-widget-icon-list\" data-id=\"2dd1db3\" data-element_type=\"widget\" data-e-type=\"widget\" data-widget_type=\"icon-list.default\">\n\t\t\t\t<div class=\"elementor-widget-container\">\n\t\t\t\t\t\t\t<ul class=\"elementor-icon-list-items\">\n\t\t\t\t\t\t\t<li class=\"elementor-icon-list-item\">\n\t\t\t\t\t\t\t\t\t\t\t<span class=\"elementor-icon-list-icon\">\n\t\t\t\t\t\t\t<svg aria-hidden=\"true\" class=\"e-font-icon-svg e-fas-arrow-right\" viewBox=\"0 0 448 512\" xmlns=\"http:\/\/www.w3.org\/2000\/svg\"><path d=\"M190.5 66.9l22.2-22.2c9.4-9.4 24.6-9.4 33.9 0L441 239c9.4 9.4 9.4 24.6 0 33.9L246.6 467.3c-9.4 9.4-24.6 9.4-33.9 0l-22.2-22.2c-9.5-9.5-9.3-25 .4-34.3L311.4 296H24c-13.3 0-24-10.7-24-24v-32c0-13.3 10.7-24 24-24h287.4L190.9 101.2c-9.8-9.3-10-24.8-.4-34.3z\"><\/path><\/svg>\t\t\t\t\t\t<\/span>\n\t\t\t\t\t\t\t\t\t\t<span class=\"elementor-icon-list-text\">Assurance-vie<\/span>\n\t\t\t\t\t\t\t\t\t<\/li>\n\t\t\t\t\t\t\t\t<li class=\"elementor-icon-list-item\">\n\t\t\t\t\t\t\t\t\t\t\t<span class=\"elementor-icon-list-icon\">\n\t\t\t\t\t\t\t<svg aria-hidden=\"true\" class=\"e-font-icon-svg e-fas-arrow-right\" viewBox=\"0 0 448 512\" xmlns=\"http:\/\/www.w3.org\/2000\/svg\"><path d=\"M190.5 66.9l22.2-22.2c9.4-9.4 24.6-9.4 33.9 0L441 239c9.4 9.4 9.4 24.6 0 33.9L246.6 467.3c-9.4 9.4-24.6 9.4-33.9 0l-22.2-22.2c-9.5-9.5-9.3-25 .4-34.3L311.4 296H24c-13.3 0-24-10.7-24-24v-32c0-13.3 10.7-24 24-24h287.4L190.9 101.2c-9.8-9.3-10-24.8-.4-34.3z\"><\/path><\/svg>\t\t\t\t\t\t<\/span>\n\t\t\t\t\t\t\t\t\t\t<span class=\"elementor-icon-list-text\">Assurance-vie qualifi\u00e9e<\/span>\n\t\t\t\t\t\t\t\t\t<\/li>\n\t\t\t\t\t\t\t\t<li class=\"elementor-icon-list-item\">\n\t\t\t\t\t\t\t\t\t\t\t<span class=\"elementor-icon-list-icon\">\n\t\t\t\t\t\t\t<svg aria-hidden=\"true\" class=\"e-font-icon-svg e-fas-arrow-right\" viewBox=\"0 0 448 512\" xmlns=\"http:\/\/www.w3.org\/2000\/svg\"><path d=\"M190.5 66.9l22.2-22.2c9.4-9.4 24.6-9.4 33.9 0L441 239c9.4 9.4 9.4 24.6 0 33.9L246.6 467.3c-9.4 9.4-24.6 9.4-33.9 0l-22.2-22.2c-9.5-9.5-9.3-25 .4-34.3L311.4 296H24c-13.3 0-24-10.7-24-24v-32c0-13.3 10.7-24 24-24h287.4L190.9 101.2c-9.8-9.3-10-24.8-.4-34.3z\"><\/path><\/svg>\t\t\t\t\t\t<\/span>\n\t\t\t\t\t\t\t\t\t\t<span class=\"elementor-icon-list-text\">Assurance dommages<\/span>\n\t\t\t\t\t\t\t\t\t<\/li>\n\t\t\t\t\t\t\t\t<li class=\"elementor-icon-list-item\">\n\t\t\t\t\t\t\t\t\t\t\t<span class=\"elementor-icon-list-icon\">\n\t\t\t\t\t\t\t<svg aria-hidden=\"true\" class=\"e-font-icon-svg e-fas-arrow-right\" viewBox=\"0 0 448 512\" xmlns=\"http:\/\/www.w3.org\/2000\/svg\"><path d=\"M190.5 66.9l22.2-22.2c9.4-9.4 24.6-9.4 33.9 0L441 239c9.4 9.4 9.4 24.6 0 33.9L246.6 467.3c-9.4 9.4-24.6 9.4-33.9 0l-22.2-22.2c-9.5-9.5-9.3-25 .4-34.3L311.4 296H24c-13.3 0-24-10.7-24-24v-32c0-13.3 10.7-24 24-24h287.4L190.9 101.2c-9.8-9.3-10-24.8-.4-34.3z\"><\/path><\/svg>\t\t\t\t\t\t<\/span>\n\t\t\t\t\t\t\t\t\t\t<span class=\"elementor-icon-list-text\">Assurance-maladie compl\u00e9mentaire<\/span>\n\t\t\t\t\t\t\t\t\t<\/li>\n\t\t\t\t\t\t<\/ul>\n\t\t\t\t\t\t<\/div>\n\t\t\t\t<\/div>\n\t\t\t\t<div class=\"elementor-element elementor-element-c2c28a6 elementor-widget elementor-widget-text-editor\" data-id=\"c2c28a6\" data-element_type=\"widget\" data-e-type=\"widget\" data-widget_type=\"text-editor.default\">\n\t\t\t\t<div class=\"elementor-widget-container\">\n\t\t\t\t\t\t\t\t\t<p>D\u00e8s le d\u00e9but de la collaboration, un(e) conseiller\/\u00e8re est d\u00e9sign\u00e9(e) pour accompagner le client dans la gestion de ses assurances. Cette personne est l\u2019interlocuteur(trice) direct(e) du client et assume la responsabilit\u00e9 de l\u2019ensemble de ses questions d\u2019assurance.<\/p><p>Invexa S\u00e0rl est une soci\u00e9t\u00e9 inscrite au registre du commerce suisse sous le num\u00e9ro d\u2019identification <strong>(IDE) CHE-238.643.992<\/strong>.<\/p><p><span class=\"a_GcMg font-feature-liga-off font-feature-clig-off font-feature-calt-off text-decoration-none text-strikethrough-none\">Invexa S\u00e0rl est inscrite au registre public des interm\u00e9diaires d\u2019assurance tenu par la <strong>FINMA<\/strong> sous le num\u00e9ro <strong>F01537672<\/strong>.<\/span><\/p>\t\t\t\t\t\t\t\t<\/div>\n\t\t\t\t<\/div>\n\t\t\t\t<div class=\"elementor-element elementor-element-5f2b8cb elementor-widget elementor-widget-heading\" data-id=\"5f2b8cb\" data-element_type=\"widget\" data-e-type=\"widget\" data-widget_type=\"heading.default\">\n\t\t\t\t<div class=\"elementor-widget-container\">\n\t\t\t\t\t<h2 class=\"elementor-heading-title elementor-size-default\">2. Information sur la formation initiale et continue<\/h2>\t\t\t\t<\/div>\n\t\t\t\t<\/div>\n\t\t\t\t<div class=\"elementor-element elementor-element-3fe68c7 elementor-widget elementor-widget-text-editor\" data-id=\"3fe68c7\" data-element_type=\"widget\" data-e-type=\"widget\" data-widget_type=\"text-editor.default\">\n\t\t\t\t<div class=\"elementor-widget-container\">\n\t\t\t\t\t\t\t\t\t<p>Invexa accorde une importance absolue \u00e0 l\u2019exactitude et au s\u00e9rieux du conseil ainsi qu\u2019au professionnalisme avec lequel la client\u00e8le est prise en charge. Elle veille donc \u00e0 ce que la formation et le perfectionnement soient continus.<\/p><p>Les formations requises selon les normes minimales l\u00e9galement prescrites par la FINMA ont \u00e9t\u00e9 suivies par tous les conseillers. Vous pouvez vous informer au sujet du niveau de formation concret d\u2019un conseiller en envoyant un e-mail \u00e0 <a href=\"mailto:info@invexa.ch\">info@invexa.ch<\/a>.<\/p>\t\t\t\t\t\t\t\t<\/div>\n\t\t\t\t<\/div>\n\t\t\t\t<div class=\"elementor-element elementor-element-b2b9478 elementor-widget elementor-widget-heading\" data-id=\"b2b9478\" data-element_type=\"widget\" data-e-type=\"widget\" data-widget_type=\"heading.default\">\n\t\t\t\t<div class=\"elementor-widget-container\">\n\t\t\t\t\t<h2 class=\"elementor-heading-title elementor-size-default\">3. Protection des donn\u00e9es<\/h2>\t\t\t\t<\/div>\n\t\t\t\t<\/div>\n\t\t\t\t<div class=\"elementor-element elementor-element-b4dbadb elementor-widget elementor-widget-text-editor\" data-id=\"b4dbadb\" data-element_type=\"widget\" data-e-type=\"widget\" data-widget_type=\"text-editor.default\">\n\t\t\t\t<div class=\"elementor-widget-container\">\n\t\t\t\t\t\t\t\t\t<p>Invexa S\u00e0rl attache une grande importance \u00e0 la protection de vos donn\u00e9es personnelles. Les informations personnelles et administratives que nous recevons sont trait\u00e9es de mani\u00e8re confidentielle et utilis\u00e9es exclusivement dans le cadre de nos activit\u00e9s d\u2019interm\u00e9diaire en assurance. Elles servent notamment \u00e0 analyser vos besoins actuels et futurs, \u00e0 \u00e9laborer des offres personnalis\u00e9es, ainsi qu\u2019\u00e0 transmettre les donn\u00e9es n\u00e9cessaires \u2013 y compris les donn\u00e9es m\u00e9dicales, le cas \u00e9ch\u00e9ant \u2013 aux compagnies d\u2019assurance concern\u00e9es pour l\u2019\u00e9valuation de votre demande et l\u2019\u00e9tablissement du contrat d\u2019assurance.<\/p><p>Invexa peut conserver dans ses dossiers une copie des documents contractuels. Elle est \u00e9galement susceptible de recevoir, de la part de l\u2019assureur, des informations relatives \u00e0 la gestion du contrat, notamment sur l\u2019acceptation de la proposition, l\u2019\u00e9tat du contrat, les encaissements ou sa r\u00e9siliation.<\/p><p>Les compagnies d\u2019assurance peuvent, dans la mesure n\u00e9cessaire \u00e0 l\u2019ex\u00e9cution du contrat, transmettre certaines donn\u00e9es \u00e0 des tiers situ\u00e9s en Suisse ou \u00e0 l\u2019\u00e9tranger, tels que des coassureurs, r\u00e9assureurs ou autres entit\u00e9s du m\u00eame groupe.<\/p><p>Toutes les donn\u00e9es trait\u00e9es sont utilis\u00e9es conform\u00e9ment \u00e0 la l\u00e9gislation suisse en vigueur sur la protection des donn\u00e9es (LPD). Elles servent \u00e0 l\u2019\u00e9valuation du risque, \u00e0 la gestion des sinistres, \u00e0 l\u2019administration du contrat, ainsi qu\u2019au traitement financier et statistique n\u00e9cessaire au suivi du dossier entre Invexa et l\u2019assureur concern\u00e9.<\/p><p>Les donn\u00e9es sont conserv\u00e9es de mani\u00e8re s\u00e9curis\u00e9e, sous format \u00e9lectronique et\/ou papier, et ce pendant la dur\u00e9e n\u00e9cessaire pr\u00e9vue par la l\u00e9gislation suisse.<\/p>\t\t\t\t\t\t\t\t<\/div>\n\t\t\t\t<\/div>\n\t\t\t\t<div class=\"elementor-element elementor-element-1cd9af8 elementor-widget elementor-widget-heading\" data-id=\"1cd9af8\" data-element_type=\"widget\" data-e-type=\"widget\" data-widget_type=\"heading.default\">\n\t\t\t\t<div class=\"elementor-widget-container\">\n\t\t\t\t\t<h2 class=\"elementor-heading-title elementor-size-default\">4. Responsabilit\u00e9s<\/h2>\t\t\t\t<\/div>\n\t\t\t\t<\/div>\n\t\t\t\t<div class=\"elementor-element elementor-element-48889af elementor-widget elementor-widget-text-editor\" data-id=\"48889af\" data-element_type=\"widget\" data-e-type=\"widget\" data-widget_type=\"text-editor.default\">\n\t\t\t\t<div class=\"elementor-widget-container\">\n\t\t\t\t\t\t\t\t\t<p>Nous ex\u00e9cutons nos mandats avec le plus grand soin et dans la limite de nos connaissances. L\u2019entreprise b\u00e9n\u00e9ficie d\u2019une assurance responsabilit\u00e9 civile professionnelle souscrite aupr\u00e8s de Allianz Suisse Soci\u00e9t\u00e9 d&rsquo;Assurances SA, avec une couverture de CHF 2&rsquo;000&rsquo;000 par ann\u00e9e d&rsquo;assurance pour les pr\u00e9judices p\u00e9cuniaires .<\/p>\t\t\t\t\t\t\t\t<\/div>\n\t\t\t\t<\/div>\n\t\t\t\t<div class=\"elementor-element elementor-element-e348161 elementor-widget elementor-widget-heading\" data-id=\"e348161\" data-element_type=\"widget\" data-e-type=\"widget\" data-widget_type=\"heading.default\">\n\t\t\t\t<div class=\"elementor-widget-container\">\n\t\t\t\t\t<h2 class=\"elementor-heading-title elementor-size-default\">5. Information sur la r\u00e9mun\u00e9ration<\/h2>\t\t\t\t<\/div>\n\t\t\t\t<\/div>\n\t\t\t\t<div class=\"elementor-element elementor-element-df03856 elementor-widget elementor-widget-text-editor\" data-id=\"df03856\" data-element_type=\"widget\" data-e-type=\"widget\" data-widget_type=\"text-editor.default\">\n\t\t\t\t<div class=\"elementor-widget-container\">\n\t\t\t\t\t\t\t\t\t<p>Invexa S\u00e0rl per\u00e7oit de la part des compagnies d\u2019assurance des commissions de courtage incluses dans les primes pay\u00e9es par le client. Ces commissions correspondent aux pratiques usuelles du march\u00e9 et sont calcul\u00e9es en pourcentage des primes d\u2019assurance.<\/p><p>Avant la signature d\u2019une convention de courtage, Invexa informe le client des bases de calcul, des fourchettes applicables ou du montant estim\u00e9 des commissions attendues, selon les informations disponibles sur son portefeuille d\u2019assurance. En signant la convention, le client confirme avoir \u00e9t\u00e9 inform\u00e9 de cette r\u00e9mun\u00e9ration et renonce \u00e0 toute restitution des commissions.<\/p><p>Sur demande, Invexa communique les montants effectivement per\u00e7us. Des prestations de services suppl\u00e9mentaires peuvent \u00eatre propos\u00e9es et feront l\u2019objet d\u2019honoraires convenus au pr\u00e9alable.<\/p><p>Les activit\u00e9s de courtage en assurances sont exon\u00e9r\u00e9es de TVA en Suisse (art. 21, ch. 18, let. d LTVA). En cas de modification de cette r\u00e9glementation, la TVA applicable sera factur\u00e9e en suppl\u00e9ment. Invexa d\u00e9cline toute responsabilit\u00e9 quant aux obligations fiscales du client, notamment en mati\u00e8re d\u2019imp\u00f4ts sur les primes d\u2019assurance.<\/p>\t\t\t\t\t\t\t\t<\/div>\n\t\t\t\t<\/div>\n\t\t\t\t<div class=\"elementor-element elementor-element-720574b elementor-widget elementor-widget-heading\" data-id=\"720574b\" data-element_type=\"widget\" data-e-type=\"widget\" data-widget_type=\"heading.default\">\n\t\t\t\t<div class=\"elementor-widget-container\">\n\t\t\t\t\t<h2 class=\"elementor-heading-title elementor-size-default\">6. Collaboration avec le client et compagnies d'assurance<\/h2>\t\t\t\t<\/div>\n\t\t\t\t<\/div>\n\t\t\t\t<div class=\"elementor-element elementor-element-caa1554 elementor-widget elementor-widget-text-editor\" data-id=\"caa1554\" data-element_type=\"widget\" data-e-type=\"widget\" data-widget_type=\"text-editor.default\">\n\t\t\t\t<div class=\"elementor-widget-container\">\n\t\t\t\t\t\t\t\t\t<p>Invexa S\u00e0rl collabore avec les principaux assureurs agr\u00e9\u00e9s par les autorit\u00e9s de surveillance suisses, y compris les caisses-maladie ainsi que les fondations collectives et communes reconnues. Ces partenariats nous permettent de proposer \u00e0 nos clients un large \u00e9ventail de solutions d\u2019assurance adapt\u00e9es \u00e0 leurs besoins, d\u2019accompagner la souscription de contrats ainsi que leur gestion courante. Invexa agit toutefois en toute ind\u00e9pendance juridique, \u00e9conomique et organisationnelle vis-\u00e0-vis des compagnies d\u2019assurance.<\/p><p>Notre mission premi\u00e8re est de d\u00e9fendre les int\u00e9r\u00eats de nos clients avec objectivit\u00e9, transparence et diligence. Nous les assistons lors de la souscription et de la gestion de leurs contrats d\u2019assurance et, le cas \u00e9ch\u00e9ant, dans le traitement des sinistres, en veillant \u00e0 la sauvegarde de leurs droits et \u00e0 l\u2019obtention de solutions rapides, \u00e9quitables et conformes aux meilleures pratiques du march\u00e9.<\/p><p>En tant que partenaire de confiance, Invexa assure un suivi professionnel et rigoureux tout au long de la relation d\u2019affaires. Les primes sont encaiss\u00e9es directement par les compagnies d\u2019assurance, garantissant une gestion claire, s\u00e9curis\u00e9e et conforme aux standards de la place financi\u00e8re suisse.<\/p>\t\t\t\t\t\t\t\t<\/div>\n\t\t\t\t<\/div>\n\t\t\t\t<div class=\"elementor-element elementor-element-972221c elementor-widget elementor-widget-text-editor\" data-id=\"972221c\" data-element_type=\"widget\" data-e-type=\"widget\" data-widget_type=\"text-editor.default\">\n\t\t\t\t<div class=\"elementor-widget-container\">\n\t\t\t\t\t\t\t\t\t<p><strong>INVEXA SARL<\/strong><br \/><span class=\"overview-item-text\">Rue de Montchoisy 36<br \/>1207 Gen\u00e8ve<\/span><br \/><strong>tel:<\/strong> <a href=\"tel:+41228860337\">+41 22 886 03 37<\/a><br \/><strong>e-mail:<\/strong> <a href=\"mailto:info@invexa.ch\">info@invexa.ch<\/a><br \/><strong>Conseill\u00e8re:<\/strong> Claire St\u00e9phanie Fivaz | FINMA n\u00b0<a href=\"https:\/\/www.finma.ch\/fr\/autorisation\/intermediation-dassurance\/registersuche\/F01518014\" target=\"_blank\" rel=\"noopener\">F01518014<\/a> | <a href=\"mailto:c.fivaz@invexa.ch\">c.fivaz@invexa.ch<\/a><\/p>\t\t\t\t\t\t\t\t<\/div>\n\t\t\t\t<\/div>\n\t\t\t\t\t<\/div>\n\t\t\t\t<\/div>\n\t\t\t\t<\/div>\n\t\t","protected":false},"excerpt":{"rendered":"<p>Informations clients selon l\u2019art. 45 LSA Devoir d\u2019information selon art. 45 de la loi sur la surveillance des assurances (LSA) Derni\u00e8re mise \u00e0 jour: 14.01.2026 1. Informations sur Invexa Invexa S\u00e0rl (ci-apr\u00e8s \u00abInvexa\u00bb), ayant son si\u00e8ge \u00e0 Rue de Montchoisy 36, 1207 Gen\u00e8ve, agit en tant qu\u2019interm\u00e9diaire d\u2019assurance non li\u00e9 pour les branches d\u2019assurance suivantes: [&hellip;]<\/p>\n","protected":false},"author":1,"featured_media":0,"parent":0,"menu_order":0,"comment_status":"closed","ping_status":"closed","template":"","meta":{"content-type":"","footnotes":""},"class_list":["post-3751","page","type-page","status-publish","hentry"],"_links":{"self":[{"href":"https:\/\/invexa.ch\/fr\/wp-json\/wp\/v2\/pages\/3751","targetHints":{"allow":["GET"]}}],"collection":[{"href":"https:\/\/invexa.ch\/fr\/wp-json\/wp\/v2\/pages"}],"about":[{"href":"https:\/\/invexa.ch\/fr\/wp-json\/wp\/v2\/types\/page"}],"author":[{"embeddable":true,"href":"https:\/\/invexa.ch\/fr\/wp-json\/wp\/v2\/users\/1"}],"replies":[{"embeddable":true,"href":"https:\/\/invexa.ch\/fr\/wp-json\/wp\/v2\/comments?post=3751"}],"version-history":[{"count":18,"href":"https:\/\/invexa.ch\/fr\/wp-json\/wp\/v2\/pages\/3751\/revisions"}],"predecessor-version":[{"id":7351,"href":"https:\/\/invexa.ch\/fr\/wp-json\/wp\/v2\/pages\/3751\/revisions\/7351"}],"wp:attachment":[{"href":"https:\/\/invexa.ch\/fr\/wp-json\/wp\/v2\/media?parent=3751"}],"curies":[{"name":"wp","href":"https:\/\/api.w.org\/{rel}","templated":true}]}}