{"id":3720,"date":"2025-09-23T07:21:57","date_gmt":"2025-09-23T07:21:57","guid":{"rendered":"https:\/\/invexa.ch\/?page_id=3720"},"modified":"2025-09-23T08:38:13","modified_gmt":"2025-09-23T08:38:13","slug":"politique-de-cookies","status":"publish","type":"page","link":"https:\/\/invexa.ch\/fr\/politique-de-cookies\/","title":{"rendered":"Politique de cookies"},"content":{"rendered":"\t\t<div data-elementor-type=\"wp-page\" data-elementor-id=\"3720\" class=\"elementor elementor-3720\" data-elementor-post-type=\"page\">\n\t\t\t\t<div class=\"elementor-element elementor-element-1d1d66b e-flex e-con-boxed e-con e-parent\" data-id=\"1d1d66b\" data-element_type=\"container\" data-e-type=\"container\">\n\t\t\t\t\t<div class=\"e-con-inner\">\n\t\t\t\t<div class=\"elementor-element elementor-element-4847905 elementor-widget elementor-widget-heading\" data-id=\"4847905\" data-element_type=\"widget\" data-e-type=\"widget\" data-widget_type=\"heading.default\">\n\t\t\t\t<div class=\"elementor-widget-container\">\n\t\t\t\t\t<h1 class=\"elementor-heading-title elementor-size-default\">Politique de cookies<\/h1>\t\t\t\t<\/div>\n\t\t\t\t<\/div>\n\t\t\t\t<div class=\"elementor-element elementor-element-b38d5f4 elementor-icon-list--layout-traditional elementor-list-item-link-full_width elementor-widget elementor-widget-icon-list\" data-id=\"b38d5f4\" data-element_type=\"widget\" data-e-type=\"widget\" data-widget_type=\"icon-list.default\">\n\t\t\t\t<div class=\"elementor-widget-container\">\n\t\t\t\t\t\t\t<ul class=\"elementor-icon-list-items\">\n\t\t\t\t\t\t\t<li class=\"elementor-icon-list-item\">\n\t\t\t\t\t\t\t\t\t\t<span class=\"elementor-icon-list-text\"><strong>Date d'entr\u00e9e en vigueur:<\/strong> 23.09.2025<\/span>\n\t\t\t\t\t\t\t\t\t<\/li>\n\t\t\t\t\t\t\t\t<li class=\"elementor-icon-list-item\">\n\t\t\t\t\t\t\t\t\t\t<span class=\"elementor-icon-list-text\"><strong>Derni\u00e8re mise \u00e0 jour:<\/strong> 23.09.2025<\/span>\n\t\t\t\t\t\t\t\t\t<\/li>\n\t\t\t\t\t\t<\/ul>\n\t\t\t\t\t\t<\/div>\n\t\t\t\t<\/div>\n\t\t\t\t<div class=\"elementor-element elementor-element-86c4690 elementor-widget elementor-widget-heading\" data-id=\"86c4690\" data-element_type=\"widget\" data-e-type=\"widget\" data-widget_type=\"heading.default\">\n\t\t\t\t<div class=\"elementor-widget-container\">\n\t\t\t\t\t<h2 class=\"elementor-heading-title elementor-size-default\">1. Que sont les cookies?<\/h2>\t\t\t\t<\/div>\n\t\t\t\t<\/div>\n\t\t\t\t<div class=\"elementor-element elementor-element-00dc9fc elementor-widget elementor-widget-text-editor\" data-id=\"00dc9fc\" data-element_type=\"widget\" data-e-type=\"widget\" data-widget_type=\"text-editor.default\">\n\t\t\t\t<div class=\"elementor-widget-container\">\n\t\t\t\t\t\t\t\t\t<p>Cette politique explique ce que sont les cookies, comment nous les utilisons, quels types de cookies nous utilisons (c&rsquo;est-\u00e0-dire les informations que nous collectons \u00e0 l&rsquo;aide des cookies et la mani\u00e8re dont ces informations sont utilis\u00e9es), ainsi que la mani\u00e8re de g\u00e9rer vos param\u00e8tres de cookies.<\/p><p>Les cookies sont de petits fichiers texte servant \u00e0 stocker de petites informations. Ils sont enregistr\u00e9s sur votre appareil lorsque vous chargez un site Web dans votre navigateur. Les cookies nous aident \u00e0 garantir le bon fonctionnement du site Web, \u00e0 renforcer la s\u00e9curit\u00e9, \u00e0 am\u00e9liorer l&rsquo;exp\u00e9rience utilisateur et \u00e0 analyser les performances afin d&rsquo;identifier les \u00e9l\u00e9ments fonctionnels et les domaines o\u00f9 des am\u00e9liorations sont n\u00e9cessaires.<\/p>\t\t\t\t\t\t\t\t<\/div>\n\t\t\t\t<\/div>\n\t\t\t\t<div class=\"elementor-element elementor-element-7213d3b elementor-widget elementor-widget-heading\" data-id=\"7213d3b\" data-element_type=\"widget\" data-e-type=\"widget\" data-widget_type=\"heading.default\">\n\t\t\t\t<div class=\"elementor-widget-container\">\n\t\t\t\t\t<h2 class=\"elementor-heading-title elementor-size-default\">2. Comment utilisons-nous les cookies?<\/h2>\t\t\t\t<\/div>\n\t\t\t\t<\/div>\n\t\t\t\t<div class=\"elementor-element elementor-element-90b0265 elementor-widget elementor-widget-text-editor\" data-id=\"90b0265\" data-element_type=\"widget\" data-e-type=\"widget\" data-widget_type=\"text-editor.default\">\n\t\t\t\t<div class=\"elementor-widget-container\">\n\t\t\t\t\t\t\t\t\t<p>Comme la plupart des services en ligne, notre site Web utilise \u00e0 la fois des cookies de premi\u00e8re partie et des cookies tiers \u00e0 diverses fins. Les cookies de premi\u00e8re partie sont principalement n\u00e9cessaires au bon fonctionnement du site Web et ne collectent aucune donn\u00e9e permettant d&rsquo;identifier personnellement l&rsquo;utilisateur.<\/p><p>Les cookies de tiers utilis\u00e9s sur notre site Web nous aident principalement \u00e0 comprendre les performances du site, \u00e0 suivre votre mani\u00e8re d&rsquo;interagir avec lui, \u00e0 maintenir la s\u00e9curit\u00e9 de nos services, \u00e0 diffuser des publicit\u00e9s pertinentes et \u00e0 am\u00e9liorer votre exp\u00e9rience utilisateur globale, tout en optimisant la vitesse de vos futures interactions avec notre site.<\/p>\t\t\t\t\t\t\t\t<\/div>\n\t\t\t\t<\/div>\n\t\t\t\t<div class=\"elementor-element elementor-element-68a3e54 elementor-widget elementor-widget-heading\" data-id=\"68a3e54\" data-element_type=\"widget\" data-e-type=\"widget\" data-widget_type=\"heading.default\">\n\t\t\t\t<div class=\"elementor-widget-container\">\n\t\t\t\t\t<h2 class=\"elementor-heading-title elementor-size-default\">3. Types de cookies que nous utilisons<\/h2>\t\t\t\t<\/div>\n\t\t\t\t<\/div>\n\t\t\t\t<div class=\"elementor-element elementor-element-2cb88b2 elementor-widget elementor-widget-heading\" data-id=\"2cb88b2\" data-element_type=\"widget\" data-e-type=\"widget\" data-widget_type=\"heading.default\">\n\t\t\t\t<div class=\"elementor-widget-container\">\n\t\t\t\t\t<h3 class=\"elementor-heading-title elementor-size-default\"> N\u00e9cessaire<\/h3>\t\t\t\t<\/div>\n\t\t\t\t<\/div>\n\t\t\t\t<div class=\"elementor-element elementor-element-b87a8fa elementor-widget elementor-widget-text-editor\" data-id=\"b87a8fa\" data-element_type=\"widget\" data-e-type=\"widget\" data-widget_type=\"text-editor.default\">\n\t\t\t\t<div class=\"elementor-widget-container\">\n\t\t\t\t\t\t\t\t\t<div class=\"cky-category-des\"><p>Les cookies n\u00e9cessaires sont cruciaux pour les fonctions de base du site Web et celui-ci ne fonctionnera pas comme pr\u00e9vu sans eux.Ces cookies ne stockent aucune donn\u00e9e personnellement identifiable.<\/p><\/div><div class=\"cky-table-wrapper\"><table class=\"cky-cookie-audit-table\"><thead><tr><th>Cookie<\/th><th>Duration<\/th><th>Description<\/th><\/tr><\/thead><tbody><tr><td>cookieyes-consent<\/td><td>1 an<\/td><td>CookieYes place ce t\u00e9moin pour m\u00e9moriser les pr\u00e9f\u00e9rences des utilisateurs en mati\u00e8re de consentement afin que leurs pr\u00e9f\u00e9rences soient respect\u00e9es lors des visites ult\u00e9rieures de ce site. Il ne collecte ni ne stocke aucune information personnelle sur les visiteurs du site.<\/td><\/tr><\/tbody><\/table><\/div>\t\t\t\t\t\t\t\t<\/div>\n\t\t\t\t<\/div>\n\t\t\t\t<div class=\"elementor-element elementor-element-a89021b elementor-widget elementor-widget-heading\" data-id=\"a89021b\" data-element_type=\"widget\" data-e-type=\"widget\" data-widget_type=\"heading.default\">\n\t\t\t\t<div class=\"elementor-widget-container\">\n\t\t\t\t\t<h3 class=\"elementor-heading-title elementor-size-default\">  Fonctionnelle<\/h3>\t\t\t\t<\/div>\n\t\t\t\t<\/div>\n\t\t\t\t<div class=\"elementor-element elementor-element-8d8fba8 elementor-widget elementor-widget-text-editor\" data-id=\"8d8fba8\" data-element_type=\"widget\" data-e-type=\"widget\" data-widget_type=\"text-editor.default\">\n\t\t\t\t<div class=\"elementor-widget-container\">\n\t\t\t\t\t\t\t\t\t<div class=\"cky-category-des\"><p>Les cookies fonctionnels permettent d&rsquo;ex\u00e9cuter certaines fonctionnalit\u00e9s telles que le partage du contenu du site Web sur des plateformes de m\u00e9dias sociaux, la collecte de commentaires et d&rsquo;autres fonctionnalit\u00e9s tierces.<\/p><\/div><div class=\"cky-table-wrapper\"><table class=\"cky-cookie-audit-table\"><thead><tr><th>Cookie<\/th><th>Duration<\/th><th>Description<\/th><\/tr><\/thead><tbody><tr><td>elementor<\/td><td>jamais<\/td><td>Utilis\u00e9 par le th\u00e8me WordPress Elementor pour permettre au propri\u00e9taire du site de mettre en \u0153uvre ou de modifier le contenu en temps r\u00e9el et pour assurer le bon fonctionnement de certaines fonctionnalit\u00e9s.<\/td><\/tr><tr><td>wpEmojiSettingsSupport<\/td><td>session<\/td><td>Utilis\u00e9 par WordPress pour enregistrer les pr\u00e9f\u00e9rences relatives aux emojis et assurer leur affichage correct dans le site. Ce cookie est supprim\u00e9 \u00e0 la fin de la session de navigation.<\/td><\/tr><\/tbody><\/table><\/div>\t\t\t\t\t\t\t\t<\/div>\n\t\t\t\t<\/div>\n\t\t\t\t<div class=\"elementor-element elementor-element-f347bb1 elementor-widget elementor-widget-heading\" data-id=\"f347bb1\" data-element_type=\"widget\" data-e-type=\"widget\" data-widget_type=\"heading.default\">\n\t\t\t\t<div class=\"elementor-widget-container\">\n\t\t\t\t\t<h3 class=\"elementor-heading-title elementor-size-default\">Analytique<\/h3>\t\t\t\t<\/div>\n\t\t\t\t<\/div>\n\t\t\t\t<div class=\"elementor-element elementor-element-dafdc45 elementor-widget elementor-widget-text-editor\" data-id=\"dafdc45\" data-element_type=\"widget\" data-e-type=\"widget\" data-widget_type=\"text-editor.default\">\n\t\t\t\t<div class=\"elementor-widget-container\">\n\t\t\t\t\t\t\t\t\t<div class=\"cky-category-des\"><p>Les cookies analytiques sont utilis\u00e9s pour comprendre comment les visiteurs interagissent avec le site Web. Ces cookies aident \u00e0 fournir des informations sur le nombre de visiteurs, le taux de rebond, la source de trafic, etc.<\/p><\/div><div class=\"cky-table-wrapper\"><table class=\"cky-cookie-audit-table\"><thead><tr><th>Cookie<\/th><th>Duration<\/th><th>Description<\/th><\/tr><\/thead><tbody><tr><td>_ga<\/td><td>2 ans<\/td><td><p>Utilis\u00e9 par Google Analytics pour distinguer les utilisateurs.<\/p><\/td><\/tr><tr><td>_gid<\/td><td>24 heures<\/td><td><p>Utilis\u00e9 par Google Analytics pour distinguer les utilisateurs sur une p\u00e9riode de 24 heures.<\/p><\/td><\/tr><tr><td>_ga_11369377473<\/td><td>2 ans<\/td><td><p>Utilis\u00e9 par Google Analytics 4 pour conserver l\u2019\u00e9tat de la session et suivre les interactions des utilisateurs sur le site.<\/p><\/td><\/tr><\/tbody><\/table><\/div>\t\t\t\t\t\t\t\t<\/div>\n\t\t\t\t<\/div>\n\t\t\t\t<div class=\"elementor-element elementor-element-eaedb0c elementor-widget elementor-widget-heading\" data-id=\"eaedb0c\" data-element_type=\"widget\" data-e-type=\"widget\" data-widget_type=\"heading.default\">\n\t\t\t\t<div class=\"elementor-widget-container\">\n\t\t\t\t\t<h2 class=\"elementor-heading-title elementor-size-default\">4. G\u00e9rer les pr\u00e9f\u00e9rences de cookies<\/h2>\t\t\t\t<\/div>\n\t\t\t\t<\/div>\n\t\t\t\t<div class=\"elementor-element elementor-element-da1bc80 elementor-widget elementor-widget-text-editor\" data-id=\"da1bc80\" data-element_type=\"widget\" data-e-type=\"widget\" data-widget_type=\"text-editor.default\">\n\t\t\t\t<div class=\"elementor-widget-container\">\n\t\t\t\t\t\t\t\t\t<div><p>Vous pouvez modifier vos param\u00e8tres de cookies \u00e0 tout moment en cliquant sur le bouton \u00ab Pr\u00e9f\u00e9rences de consentement \u00bb dans la banni\u00e8re cookies. Cela vous permettra de revenir sur la banni\u00e8re de consentement aux cookies, de mettre \u00e0 jour vos pr\u00e9f\u00e9rences ou de retirer imm\u00e9diatement votre consentement.<\/p><p>De plus, diff\u00e9rents navigateurs proposent diff\u00e9rentes m\u00e9thodes pour bloquer et supprimer les cookies utilis\u00e9s par les sites Web. Vous pouvez ajuster les param\u00e8tres de votre navigateur pour bloquer ou supprimer les cookies. Vous trouverez ci-dessous des liens vers des documents d&rsquo;assistance sur la fa\u00e7on de g\u00e9rer et de supprimer les cookies sur les principaux navigateurs Web.<\/p><p>Chrome: <a href=\"https:\/\/support.google.com\/accounts\/answer\/32050\" target=\"_blank\" rel=\"noopener noreferrer\">https:\/\/support.google.com\/accounts\/answer\/32050<\/a><\/p><p>Safari: <a href=\"https:\/\/support.apple.com\/en-in\/guide\/safari\/sfri11471\/mac\" target=\"_blank\" rel=\"noopener noreferrer\">https:\/\/support.apple.com\/en-in\/guide\/safari\/sfri11471\/mac<\/a><\/p><p>Firefox: <a href=\"https:\/\/support.mozilla.org\/en-US\/kb\/clear-cookies-and-site-data-firefox?redirectslug=delete-cookies-remove-info-websites-stored&amp;redirectlocale=en-US\" target=\"_blank\" rel=\"noopener noreferrer\">https:\/\/support.mozilla.org\/en-US\/kb\/clear-cookies-and-site-data-firefox?redirectslug=delete-cookies-remove-info-websites-stored&amp;redirectlocale=en-US<\/a><\/p><p>Internet Explorer: <a href=\"https:\/\/support.microsoft.com\/en-us\/topic\/how-to-delete-cookie-files-in-internet-explorer-bca9446f-d873-78de-77ba-d42645fa52fc\" target=\"_blank\" rel=\"noopener noreferrer\">https:\/\/support.microsoft.com\/en-us\/topic\/how-to-delete-cookie-files-in-internet-explorer-bca9446f-d873-78de-77ba-d42645fa52fc<\/a><\/p><p>Si vous utilisez un autre navigateur, veuillez vous r\u00e9f\u00e9rer \u00e0 sa documentation officielle.<\/p><\/div>\t\t\t\t\t\t\t\t<\/div>\n\t\t\t\t<\/div>\n\t\t\t\t\t<\/div>\n\t\t\t\t<\/div>\n\t\t\t\t<\/div>\n\t\t","protected":false},"excerpt":{"rendered":"<p>Politique de cookies Date d&rsquo;entr\u00e9e en vigueur: 23.09.2025 Derni\u00e8re mise \u00e0 jour: 23.09.2025 1. Que sont les cookies? Cette politique explique ce que sont les cookies, comment nous les utilisons, quels types de cookies nous utilisons (c&rsquo;est-\u00e0-dire les informations que nous collectons \u00e0 l&rsquo;aide des cookies et la mani\u00e8re dont ces informations sont utilis\u00e9es), ainsi [&hellip;]<\/p>\n","protected":false},"author":1,"featured_media":0,"parent":0,"menu_order":0,"comment_status":"closed","ping_status":"closed","template":"","meta":{"content-type":"","footnotes":""},"class_list":["post-3720","page","type-page","status-publish","hentry"],"_links":{"self":[{"href":"https:\/\/invexa.ch\/fr\/wp-json\/wp\/v2\/pages\/3720","targetHints":{"allow":["GET"]}}],"collection":[{"href":"https:\/\/invexa.ch\/fr\/wp-json\/wp\/v2\/pages"}],"about":[{"href":"https:\/\/invexa.ch\/fr\/wp-json\/wp\/v2\/types\/page"}],"author":[{"embeddable":true,"href":"https:\/\/invexa.ch\/fr\/wp-json\/wp\/v2\/users\/1"}],"replies":[{"embeddable":true,"href":"https:\/\/invexa.ch\/fr\/wp-json\/wp\/v2\/comments?post=3720"}],"version-history":[{"count":0,"href":"https:\/\/invexa.ch\/fr\/wp-json\/wp\/v2\/pages\/3720\/revisions"}],"wp:attachment":[{"href":"https:\/\/invexa.ch\/fr\/wp-json\/wp\/v2\/media?parent=3720"}],"curies":[{"name":"wp","href":"https:\/\/api.w.org\/{rel}","templated":true}]}}