{"id":227,"date":"2024-11-11T10:41:47","date_gmt":"2024-11-11T10:41:47","guid":{"rendered":"http:\/\/invexa.ch\/?page_id=227"},"modified":"2026-01-14T13:41:43","modified_gmt":"2026-01-14T13:41:43","slug":"mentions-legales","status":"publish","type":"page","link":"https:\/\/invexa.ch\/fr\/mentions-legales\/","title":{"rendered":"Mentions l\u00e9gales"},"content":{"rendered":"\t\t<div data-elementor-type=\"wp-page\" data-elementor-id=\"227\" class=\"elementor elementor-227\" data-elementor-post-type=\"page\">\n\t\t\t\t\t\t<section class=\"elementor-section elementor-top-section elementor-element elementor-element-a204182 elementor-section-boxed elementor-section-height-default elementor-section-height-default\" data-id=\"a204182\" data-element_type=\"section\" data-e-type=\"section\">\n\t\t\t\t\t\t<div class=\"elementor-container elementor-column-gap-default\">\n\t\t\t\t\t<div class=\"elementor-column elementor-col-100 elementor-top-column elementor-element elementor-element-96ccd1d\" data-id=\"96ccd1d\" data-element_type=\"column\" data-e-type=\"column\">\n\t\t\t<div class=\"elementor-widget-wrap elementor-element-populated\">\n\t\t\t\t\t\t<div class=\"elementor-element elementor-element-78bc6bb elementor-widget elementor-widget-heading\" data-id=\"78bc6bb\" data-element_type=\"widget\" data-e-type=\"widget\" data-widget_type=\"heading.default\">\n\t\t\t\t<div class=\"elementor-widget-container\">\n\t\t\t\t\t<h1 class=\"elementor-heading-title elementor-size-default\">Mentions l\u00e9gales<\/h1>\t\t\t\t<\/div>\n\t\t\t\t<\/div>\n\t\t\t\t<div class=\"elementor-element elementor-element-5a12d7b elementor-icon-list--layout-traditional elementor-list-item-link-full_width elementor-widget elementor-widget-icon-list\" data-id=\"5a12d7b\" data-element_type=\"widget\" data-e-type=\"widget\" data-widget_type=\"icon-list.default\">\n\t\t\t\t<div class=\"elementor-widget-container\">\n\t\t\t\t\t\t\t<ul class=\"elementor-icon-list-items\">\n\t\t\t\t\t\t\t<li class=\"elementor-icon-list-item\">\n\t\t\t\t\t\t\t\t\t\t<span class=\"elementor-icon-list-text\"><strong>Derni\u00e8re mise \u00e0 jour:<\/strong> 14.01.2026<\/span>\n\t\t\t\t\t\t\t\t\t<\/li>\n\t\t\t\t\t\t<\/ul>\n\t\t\t\t\t\t<\/div>\n\t\t\t\t<\/div>\n\t\t\t\t<div class=\"elementor-element elementor-element-422caf6 elementor-widget elementor-widget-heading\" data-id=\"422caf6\" data-element_type=\"widget\" data-e-type=\"widget\" data-widget_type=\"heading.default\">\n\t\t\t\t<div class=\"elementor-widget-container\">\n\t\t\t\t\t<h2 class=\"elementor-heading-title elementor-size-default\">1. Informations g\u00e9n\u00e9rales<\/h2>\t\t\t\t<\/div>\n\t\t\t\t<\/div>\n\t\t\t\t<div class=\"elementor-element elementor-element-24f618e elementor-widget elementor-widget-text-editor\" data-id=\"24f618e\" data-element_type=\"widget\" data-e-type=\"widget\" data-widget_type=\"text-editor.default\">\n\t\t\t\t<div class=\"elementor-widget-container\">\n\t\t\t\t\t\t\t\t\t<p>Le site internet est exploit\u00e9 par la soci\u00e9t\u00e9 suivante :<\/p><p><strong>Invexa S\u00e0rl<\/strong><br \/><span class=\"overview-item-text\">Rue de Montchoisy 36<br \/>1207 Gen\u00e8ve<\/span><br \/>Suisse<\/p><p>IDE: <strong>CHE-238.643.992<\/strong><br \/>Num\u00e9ro FINMA: <strong>F01537672<\/strong><\/p><p>E-mail de contact : <strong><a href=\"mailto:info@invexa.ch\" rel=\"noopener\">info@invexa.ch<\/a><\/strong><\/p>\t\t\t\t\t\t\t\t<\/div>\n\t\t\t\t<\/div>\n\t\t\t\t<div class=\"elementor-element elementor-element-1445ca1 elementor-widget elementor-widget-heading\" data-id=\"1445ca1\" data-element_type=\"widget\" data-e-type=\"widget\" data-widget_type=\"heading.default\">\n\t\t\t\t<div class=\"elementor-widget-container\">\n\t\t\t\t\t<h2 class=\"elementor-heading-title elementor-size-default\">2. Droit applicable et juridiction<\/h2>\t\t\t\t<\/div>\n\t\t\t\t<\/div>\n\t\t\t\t<div class=\"elementor-element elementor-element-78bf0c8 elementor-widget elementor-widget-text-editor\" data-id=\"78bf0c8\" data-element_type=\"widget\" data-e-type=\"widget\" data-widget_type=\"text-editor.default\">\n\t\t\t\t<div class=\"elementor-widget-container\">\n\t\t\t\t\t\t\t\t\t<p>Les pr\u00e9sentes mentions l\u00e9gales sont r\u00e9gies par le droit suisse. Tout litige d\u00e9coulant de l&rsquo;utilisation du site rel\u00e8ve de la comp\u00e9tence exclusive des tribunaux suisses.<\/p>\t\t\t\t\t\t\t\t<\/div>\n\t\t\t\t<\/div>\n\t\t\t\t<div class=\"elementor-element elementor-element-3e37f1f elementor-widget elementor-widget-heading\" data-id=\"3e37f1f\" data-element_type=\"widget\" data-e-type=\"widget\" data-widget_type=\"heading.default\">\n\t\t\t\t<div class=\"elementor-widget-container\">\n\t\t\t\t\t<h2 class=\"elementor-heading-title elementor-size-default\">3. H\u00e9bergement du site<\/h2>\t\t\t\t<\/div>\n\t\t\t\t<\/div>\n\t\t\t\t<div class=\"elementor-element elementor-element-02cd2ff elementor-widget elementor-widget-text-editor\" data-id=\"02cd2ff\" data-element_type=\"widget\" data-e-type=\"widget\" data-widget_type=\"text-editor.default\">\n\t\t\t\t<div class=\"elementor-widget-container\">\n\t\t\t\t\t\t\t\t\t<p>Le site est h\u00e9berg\u00e9 par :<\/p><p><strong>INFOMANIAK NETWORK SA<\/strong><br \/>Rue Eug\u00e8ne-Marziano 25<br \/>1227 Les Acacias<br \/>Suisse<\/p>\t\t\t\t\t\t\t\t<\/div>\n\t\t\t\t<\/div>\n\t\t\t\t<div class=\"elementor-element elementor-element-b3da3d5 elementor-widget elementor-widget-heading\" data-id=\"b3da3d5\" data-element_type=\"widget\" data-e-type=\"widget\" data-widget_type=\"heading.default\">\n\t\t\t\t<div class=\"elementor-widget-container\">\n\t\t\t\t\t<h2 class=\"elementor-heading-title elementor-size-default\">4. Protection des donn\u00e9es personnelles<\/h2>\t\t\t\t<\/div>\n\t\t\t\t<\/div>\n\t\t\t\t<div class=\"elementor-element elementor-element-4bc3446 elementor-widget elementor-widget-text-editor\" data-id=\"4bc3446\" data-element_type=\"widget\" data-e-type=\"widget\" data-widget_type=\"text-editor.default\">\n\t\t\t\t<div class=\"elementor-widget-container\">\n\t\t\t\t\t\t\t\t\t<p>Conform\u00e9ment \u00e0 la Loi f\u00e9d\u00e9rale sur la protection des donn\u00e9es (LPD), Invexa prend tr\u00e8s au s\u00e9rieux la protection des donn\u00e9es personnelles de ses utilisateurs. Les donn\u00e9es collect\u00e9es sur ce site sont trait\u00e9es conform\u00e9ment aux dispositions l\u00e9gales applicables et uniquement dans le cadre des finalit\u00e9s pr\u00e9vues, telles que l&rsquo;am\u00e9lioration de l&rsquo;exp\u00e9rience utilisateur, la r\u00e9ponse aux demandes et la gestion des services propos\u00e9s.<\/p>\t\t\t\t\t\t\t\t<\/div>\n\t\t\t\t<\/div>\n\t\t\t\t<div class=\"elementor-element elementor-element-32b58eb elementor-widget elementor-widget-heading\" data-id=\"32b58eb\" data-element_type=\"widget\" data-e-type=\"widget\" data-widget_type=\"heading.default\">\n\t\t\t\t<div class=\"elementor-widget-container\">\n\t\t\t\t\t<h2 class=\"elementor-heading-title elementor-size-default\">5. Collecte et traitement des donn\u00e9es<\/h2>\t\t\t\t<\/div>\n\t\t\t\t<\/div>\n\t\t\t\t<div class=\"elementor-element elementor-element-80652c9 elementor-widget elementor-widget-text-editor\" data-id=\"80652c9\" data-element_type=\"widget\" data-e-type=\"widget\" data-widget_type=\"text-editor.default\">\n\t\t\t\t<div class=\"elementor-widget-container\">\n\t\t\t\t\t\t\t\t\t<p>Toutes les donn\u00e9es personnelles collect\u00e9es sont trait\u00e9es de mani\u00e8re confidentielle et s\u00e9curis\u00e9e. L\u2019utilisateur a le droit de demander l&rsquo;acc\u00e8s, la rectification ou la suppression de ses donn\u00e9es personnelles en contactant Invexa via l\u2019adresse e-mail <a href=\"mailto:info@invexa.ch\"><strong>info@invexa.ch<\/strong><\/a>.<\/p>\t\t\t\t\t\t\t\t<\/div>\n\t\t\t\t<\/div>\n\t\t\t\t<div class=\"elementor-element elementor-element-46420ef elementor-widget elementor-widget-heading\" data-id=\"46420ef\" data-element_type=\"widget\" data-e-type=\"widget\" data-widget_type=\"heading.default\">\n\t\t\t\t<div class=\"elementor-widget-container\">\n\t\t\t\t\t<h2 class=\"elementor-heading-title elementor-size-default\">6. S\u00e9curit\u00e9 des donn\u00e9es<\/h2>\t\t\t\t<\/div>\n\t\t\t\t<\/div>\n\t\t\t\t<div class=\"elementor-element elementor-element-6b2cb78 elementor-widget elementor-widget-text-editor\" data-id=\"6b2cb78\" data-element_type=\"widget\" data-e-type=\"widget\" data-widget_type=\"text-editor.default\">\n\t\t\t\t<div class=\"elementor-widget-container\">\n\t\t\t\t\t\t\t\t\t<p>Invexa met en \u0153uvre toutes les mesures techniques et organisationnelles appropri\u00e9es pour prot\u00e9ger les donn\u00e9es des utilisateurs contre la perte, l&rsquo;acc\u00e8s non autoris\u00e9 ou toute forme de traitement illicite.<\/p>\t\t\t\t\t\t\t\t<\/div>\n\t\t\t\t<\/div>\n\t\t\t\t<div class=\"elementor-element elementor-element-4840654 elementor-widget elementor-widget-heading\" data-id=\"4840654\" data-element_type=\"widget\" data-e-type=\"widget\" data-widget_type=\"heading.default\">\n\t\t\t\t<div class=\"elementor-widget-container\">\n\t\t\t\t\t<h2 class=\"elementor-heading-title elementor-size-default\">7. Utilisation des cookies<\/h2>\t\t\t\t<\/div>\n\t\t\t\t<\/div>\n\t\t\t\t<div class=\"elementor-element elementor-element-912ea95 elementor-widget elementor-widget-text-editor\" data-id=\"912ea95\" data-element_type=\"widget\" data-e-type=\"widget\" data-widget_type=\"text-editor.default\">\n\t\t\t\t<div class=\"elementor-widget-container\">\n\t\t\t\t\t\t\t\t\t<p>Le site utilise des cookies pour optimiser l&rsquo;exp\u00e9rience utilisateur. L&rsquo;utilisateur peut refuser ou accepter les cookies en configurant son navigateur, mais cela peut limiter certaines fonctionnalit\u00e9s du site.<\/p>\t\t\t\t\t\t\t\t<\/div>\n\t\t\t\t<\/div>\n\t\t\t\t<div class=\"elementor-element elementor-element-9c62126 elementor-widget elementor-widget-heading\" data-id=\"9c62126\" data-element_type=\"widget\" data-e-type=\"widget\" data-widget_type=\"heading.default\">\n\t\t\t\t<div class=\"elementor-widget-container\">\n\t\t\t\t\t<h2 class=\"elementor-heading-title elementor-size-default\">8. Responsabilit\u00e9<\/h2>\t\t\t\t<\/div>\n\t\t\t\t<\/div>\n\t\t\t\t<div class=\"elementor-element elementor-element-5bbbe7d elementor-widget elementor-widget-text-editor\" data-id=\"5bbbe7d\" data-element_type=\"widget\" data-e-type=\"widget\" data-widget_type=\"text-editor.default\">\n\t\t\t\t<div class=\"elementor-widget-container\">\n\t\t\t\t\t\t\t\t\t<p>Invexa d\u00e9cline toute responsabilit\u00e9 quant aux dommages directs ou indirects r\u00e9sultant de l&rsquo;acc\u00e8s ou de l&rsquo;utilisation de ce site, y compris la perte de donn\u00e9es ou tout autre dommage li\u00e9 \u00e0 l&rsquo;utilisation des services propos\u00e9s.<\/p>\t\t\t\t\t\t\t\t<\/div>\n\t\t\t\t<\/div>\n\t\t\t\t<div class=\"elementor-element elementor-element-87bd823 elementor-widget elementor-widget-heading\" data-id=\"87bd823\" data-element_type=\"widget\" data-e-type=\"widget\" data-widget_type=\"heading.default\">\n\t\t\t\t<div class=\"elementor-widget-container\">\n\t\t\t\t\t<h2 class=\"elementor-heading-title elementor-size-default\">9. Propri\u00e9t\u00e9 intellectuelle<\/h2>\t\t\t\t<\/div>\n\t\t\t\t<\/div>\n\t\t\t\t<div class=\"elementor-element elementor-element-dd8a43e elementor-widget elementor-widget-text-editor\" data-id=\"dd8a43e\" data-element_type=\"widget\" data-e-type=\"widget\" data-widget_type=\"text-editor.default\">\n\t\t\t\t<div class=\"elementor-widget-container\">\n\t\t\t\t\t\t\t\t\t<p>Tous les \u00e9l\u00e9ments pr\u00e9sents sur le site (textes, images, logos, graphiques, etc.) sont prot\u00e9g\u00e9s par le droit d&rsquo;auteur et ne peuvent \u00eatre utilis\u00e9s sans l&rsquo;autorisation pr\u00e9alable d&rsquo;Invexa.<\/p>\t\t\t\t\t\t\t\t<\/div>\n\t\t\t\t<\/div>\n\t\t\t\t<div class=\"elementor-element elementor-element-a544cde elementor-widget elementor-widget-heading\" data-id=\"a544cde\" data-element_type=\"widget\" data-e-type=\"widget\" data-widget_type=\"heading.default\">\n\t\t\t\t<div class=\"elementor-widget-container\">\n\t\t\t\t\t<h2 class=\"elementor-heading-title elementor-size-default\">10. Mise \u00e0 jour<\/h2>\t\t\t\t<\/div>\n\t\t\t\t<\/div>\n\t\t\t\t<div class=\"elementor-element elementor-element-10ff4f8 elementor-widget elementor-widget-text-editor\" data-id=\"10ff4f8\" data-element_type=\"widget\" data-e-type=\"widget\" data-widget_type=\"text-editor.default\">\n\t\t\t\t<div class=\"elementor-widget-container\">\n\t\t\t\t\t\t\t\t\t<p>Ces mentions l\u00e9gales peuvent \u00eatre modifi\u00e9es \u00e0 tout moment pour rester conformes aux exigences l\u00e9gales et aux bonnes pratiques. La version mise \u00e0 jour sera publi\u00e9e sur cette m\u00eame page et prendra effet d\u00e8s sa publication.<\/p>\t\t\t\t\t\t\t\t<\/div>\n\t\t\t\t<\/div>\n\t\t\t\t\t<\/div>\n\t\t<\/div>\n\t\t\t\t\t<\/div>\n\t\t<\/section>\n\t\t\t\t<\/div>\n\t\t","protected":false},"excerpt":{"rendered":"<p>Mentions l\u00e9gales Derni\u00e8re mise \u00e0 jour: 14.01.2026 1. Informations g\u00e9n\u00e9rales Le site internet est exploit\u00e9 par la soci\u00e9t\u00e9 suivante : Invexa S\u00e0rlRue de Montchoisy 361207 Gen\u00e8veSuisse IDE: CHE-238.643.992Num\u00e9ro FINMA: F01537672 E-mail de contact : info@invexa.ch 2. Droit applicable et juridiction Les pr\u00e9sentes mentions l\u00e9gales sont r\u00e9gies par le droit suisse. Tout litige d\u00e9coulant de l&rsquo;utilisation [&hellip;]<\/p>\n","protected":false},"author":1,"featured_media":0,"parent":0,"menu_order":0,"comment_status":"closed","ping_status":"closed","template":"","meta":{"content-type":"","footnotes":""},"class_list":["post-227","page","type-page","status-publish","hentry"],"_links":{"self":[{"href":"https:\/\/invexa.ch\/fr\/wp-json\/wp\/v2\/pages\/227","targetHints":{"allow":["GET"]}}],"collection":[{"href":"https:\/\/invexa.ch\/fr\/wp-json\/wp\/v2\/pages"}],"about":[{"href":"https:\/\/invexa.ch\/fr\/wp-json\/wp\/v2\/types\/page"}],"author":[{"embeddable":true,"href":"https:\/\/invexa.ch\/fr\/wp-json\/wp\/v2\/users\/1"}],"replies":[{"embeddable":true,"href":"https:\/\/invexa.ch\/fr\/wp-json\/wp\/v2\/comments?post=227"}],"version-history":[{"count":6,"href":"https:\/\/invexa.ch\/fr\/wp-json\/wp\/v2\/pages\/227\/revisions"}],"predecessor-version":[{"id":7339,"href":"https:\/\/invexa.ch\/fr\/wp-json\/wp\/v2\/pages\/227\/revisions\/7339"}],"wp:attachment":[{"href":"https:\/\/invexa.ch\/fr\/wp-json\/wp\/v2\/media?parent=227"}],"curies":[{"name":"wp","href":"https:\/\/api.w.org\/{rel}","templated":true}]}}